{"id":12209,"date":"2024-01-20T22:03:41","date_gmt":"2024-01-20T21:03:41","guid":{"rendered":"http:\/\/www.doloresacosta.com\/?page_id=12209"},"modified":"2025-03-07T21:41:09","modified_gmt":"2025-03-07T20:41:09","slug":"biografia","status":"publish","type":"page","link":"https:\/\/www.doloresacosta.com\/index.php\/biografia\/","title":{"rendered":"biografia"},"content":{"rendered":"\t\t<div data-elementor-type=\"post\" data-elementor-id=\"12209\" class=\"elementor elementor-12209\" data-elementor-settings=\"[]\">\n\t\t\t<div class=\"elementor-inner\">\n\t\t\t\t<div class=\"elementor-section-wrap\">\n\t\t\t\t\t\t\t<section class=\"elementor-element elementor-element-4ba82d9 elementor-section-boxed elementor-section-height-default elementor-section-height-default elementor-section elementor-top-section\" data-id=\"4ba82d9\" data-element_type=\"section\">\n\t\t\t\t\t\t<div class=\"elementor-container elementor-column-gap-default\">\n\t\t\t\t<div class=\"elementor-row\">\n\t\t\t\t<div class=\"elementor-element elementor-element-258e091 elementor-column elementor-col-100 elementor-top-column\" data-id=\"258e091\" data-element_type=\"column\">\n\t\t\t<div class=\"elementor-column-wrap  elementor-element-populated\">\n\t\t\t\t\t<div class=\"elementor-widget-wrap\">\n\t\t\t\t<div class=\"elementor-element elementor-element-65aff99 elementor-widget elementor-widget-spacer\" data-id=\"65aff99\" data-element_type=\"widget\" data-widget_type=\"spacer.default\">\n\t\t\t\t<div class=\"elementor-widget-container\">\n\t\t\t\t\t<div class=\"elementor-spacer\">\n\t\t\t<div class=\"elementor-spacer-inner\"><\/div>\n\t\t<\/div>\n\t\t\t\t<\/div>\n\t\t\t\t<\/div>\n\t\t\t\t\t\t<\/div>\n\t\t\t<\/div>\n\t\t<\/div>\n\t\t\t\t\t\t<\/div>\n\t\t\t<\/div>\n\t\t<\/section>\n\t\t\t\t<section class=\"elementor-element elementor-element-351d9b0 elementor-section-boxed elementor-section-height-default elementor-section-height-default elementor-section elementor-top-section\" data-id=\"351d9b0\" data-element_type=\"section\">\n\t\t\t\t\t\t<div class=\"elementor-container elementor-column-gap-default\">\n\t\t\t\t<div class=\"elementor-row\">\n\t\t\t\t<div class=\"elementor-element elementor-element-07babb8 elementor-column elementor-col-100 elementor-top-column\" data-id=\"07babb8\" data-element_type=\"column\">\n\t\t\t<div class=\"elementor-column-wrap  elementor-element-populated\">\n\t\t\t\t\t<div class=\"elementor-widget-wrap\">\n\t\t\t\t<div class=\"elementor-element elementor-element-e788fea elementor-widget elementor-widget-image\" data-id=\"e788fea\" data-element_type=\"widget\" data-widget_type=\"image.default\">\n\t\t\t\t<div class=\"elementor-widget-container\">\n\t\t\t\t\t<div class=\"elementor-image\">\n\t\t\t\t\t\t\t\t\t\t<img loading=\"lazy\" decoding=\"async\" width=\"1366\" height=\"404\" src=\"https:\/\/www.doloresacosta.com\/wp-content\/uploads\/2024\/06\/BIOGRAFIA-1.png\" class=\"attachment-full size-full\" alt=\"\" srcset=\"https:\/\/www.doloresacosta.com\/wp-content\/uploads\/2024\/06\/BIOGRAFIA-1.png 1366w, https:\/\/www.doloresacosta.com\/wp-content\/uploads\/2024\/06\/BIOGRAFIA-1-300x89.png 300w, https:\/\/www.doloresacosta.com\/wp-content\/uploads\/2024\/06\/BIOGRAFIA-1-768x227.png 768w, https:\/\/www.doloresacosta.com\/wp-content\/uploads\/2024\/06\/BIOGRAFIA-1-1024x303.png 1024w\" sizes=\"(max-width: 1366px) 100vw, 1366px\" \/>\t\t\t\t\t\t\t\t\t\t\t<\/div>\n\t\t\t\t<\/div>\n\t\t\t\t<\/div>\n\t\t\t\t\t\t<\/div>\n\t\t\t<\/div>\n\t\t<\/div>\n\t\t\t\t\t\t<\/div>\n\t\t\t<\/div>\n\t\t<\/section>\n\t\t\t\t<section class=\"elementor-element elementor-element-340585f elementor-section-boxed elementor-section-height-default elementor-section-height-default elementor-section elementor-top-section\" data-id=\"340585f\" data-element_type=\"section\">\n\t\t\t\t\t\t<div class=\"elementor-container elementor-column-gap-default\">\n\t\t\t\t<div class=\"elementor-row\">\n\t\t\t\t<div class=\"elementor-element elementor-element-5c60bf3 elementor-column elementor-col-100 elementor-top-column\" data-id=\"5c60bf3\" data-element_type=\"column\">\n\t\t\t<div class=\"elementor-column-wrap  elementor-element-populated\">\n\t\t\t\t\t<div class=\"elementor-widget-wrap\">\n\t\t\t\t<div class=\"elementor-element elementor-element-eace473 elementor-widget elementor-widget-divider\" data-id=\"eace473\" data-element_type=\"widget\" data-widget_type=\"divider.default\">\n\t\t\t\t<div class=\"elementor-widget-container\">\n\t\t\t\t\t<div class=\"elementor-divider\">\n\t\t\t<span class=\"elementor-divider-separator\"><\/span>\n\t\t<\/div>\n\t\t\t\t<\/div>\n\t\t\t\t<\/div>\n\t\t\t\t\t\t<\/div>\n\t\t\t<\/div>\n\t\t<\/div>\n\t\t\t\t\t\t<\/div>\n\t\t\t<\/div>\n\t\t<\/section>\n\t\t\t\t<section class=\"elementor-element elementor-element-35d7759 elementor-section-boxed elementor-section-height-default elementor-section-height-default elementor-section elementor-top-section\" data-id=\"35d7759\" data-element_type=\"section\">\n\t\t\t\t\t\t<div class=\"elementor-container elementor-column-gap-default\">\n\t\t\t\t<div class=\"elementor-row\">\n\t\t\t\t<div class=\"elementor-element elementor-element-302ce91 elementor-column elementor-col-100 elementor-top-column\" data-id=\"302ce91\" data-element_type=\"column\">\n\t\t\t<div class=\"elementor-column-wrap  elementor-element-populated\">\n\t\t\t\t\t<div class=\"elementor-widget-wrap\">\n\t\t\t\t<div class=\"elementor-element elementor-element-51d696e elementor-widget elementor-widget-spacer\" data-id=\"51d696e\" data-element_type=\"widget\" data-widget_type=\"spacer.default\">\n\t\t\t\t<div class=\"elementor-widget-container\">\n\t\t\t\t\t<div class=\"elementor-spacer\">\n\t\t\t<div class=\"elementor-spacer-inner\"><\/div>\n\t\t<\/div>\n\t\t\t\t<\/div>\n\t\t\t\t<\/div>\n\t\t\t\t<div class=\"elementor-element elementor-element-7d590f5 elementor-widget elementor-widget-heading\" data-id=\"7d590f5\" data-element_type=\"widget\" data-widget_type=\"heading.default\">\n\t\t\t\t<div class=\"elementor-widget-container\">\n\t\t\t<h2 class=\"elementor-heading-title elementor-size-default\">DOLORES ACOSTA<\/h2>\t\t<\/div>\n\t\t\t\t<\/div>\n\t\t\t\t\t\t<\/div>\n\t\t\t<\/div>\n\t\t<\/div>\n\t\t\t\t\t\t<\/div>\n\t\t\t<\/div>\n\t\t<\/section>\n\t\t\t\t<section class=\"elementor-element elementor-element-4b4642c elementor-section-boxed elementor-section-height-default elementor-section-height-default elementor-section elementor-top-section\" data-id=\"4b4642c\" data-element_type=\"section\">\n\t\t\t\t\t\t<div class=\"elementor-container elementor-column-gap-default\">\n\t\t\t\t<div class=\"elementor-row\">\n\t\t\t\t<div class=\"elementor-element elementor-element-7acff7e elementor-column elementor-col-33 elementor-top-column\" data-id=\"7acff7e\" data-element_type=\"column\">\n\t\t\t<div class=\"elementor-column-wrap  elementor-element-populated\">\n\t\t\t\t\t<div class=\"elementor-widget-wrap\">\n\t\t\t\t<div class=\"elementor-element elementor-element-acb8626 elementor-widget elementor-widget-image\" data-id=\"acb8626\" data-element_type=\"widget\" data-widget_type=\"image.default\">\n\t\t\t\t<div class=\"elementor-widget-container\">\n\t\t\t\t\t<div class=\"elementor-image\">\n\t\t\t\t\t\t\t\t\t\t<img loading=\"lazy\" decoding=\"async\" width=\"768\" height=\"512\" src=\"https:\/\/www.doloresacosta.com\/wp-content\/uploads\/2024\/06\/P1010386-1-768x512.jpg\" class=\"attachment-medium_large size-medium_large\" alt=\"\" srcset=\"https:\/\/www.doloresacosta.com\/wp-content\/uploads\/2024\/06\/P1010386-1-768x512.jpg 768w, https:\/\/www.doloresacosta.com\/wp-content\/uploads\/2024\/06\/P1010386-1-300x200.jpg 300w, https:\/\/www.doloresacosta.com\/wp-content\/uploads\/2024\/06\/P1010386-1-1024x683.jpg 1024w\" sizes=\"(max-width: 768px) 100vw, 768px\" \/>\t\t\t\t\t\t\t\t\t\t\t<\/div>\n\t\t\t\t<\/div>\n\t\t\t\t<\/div>\n\t\t\t\t\t\t<\/div>\n\t\t\t<\/div>\n\t\t<\/div>\n\t\t\t\t<div class=\"elementor-element elementor-element-eb68136 elementor-column elementor-col-66 elementor-top-column\" data-id=\"eb68136\" data-element_type=\"column\">\n\t\t\t<div class=\"elementor-column-wrap  elementor-element-populated\">\n\t\t\t\t\t<div class=\"elementor-widget-wrap\">\n\t\t\t\t<div class=\"elementor-element elementor-element-8250d26 elementor-widget elementor-widget-text-editor\" data-id=\"8250d26\" data-element_type=\"widget\" data-widget_type=\"text-editor.default\">\n\t\t\t\t<div class=\"elementor-widget-container\">\n\t\t\t\t\t<div class=\"elementor-text-editor elementor-clearfix\"><p style=\"caret-color: #000000; color: #000000; font-family: Carme, sans-serif; letter-spacing: 0.4px;\">\u00a0<\/p><p style=\"caret-color: #000000; color: #000000; font-family: Carme, sans-serif; letter-spacing: 0.4px;\">\u00a0<\/p><p style=\"caret-color: #000000; color: #000000; font-family: Carme, sans-serif; letter-spacing: 0.4px;\">\u00a0<\/p><p style=\"caret-color: #000000; color: #000000; font-family: Carme, sans-serif; letter-spacing: 0.4px;\">\u00a0<\/p><p style=\"caret-color: #000000; color: #000000; font-family: Carme, sans-serif; letter-spacing: 0.4px;\">Nac\u00ed en Buenos Aires en 1977. Mi formaci\u00f3n corporal fue como esgrimista desde los ocho a\u00f1os de edad, hasta que en 1999 encontr\u00e9 a mi primera maestra de danza, Mar\u00eda Fux.\u00a0 Adem\u00e1s de formarme en su escuela de danzaterapia en Buenos Aires, me dediqu\u00e9 al estudio de la T\u00e9cnica e Interpretaci\u00f3n de la Danza Contempor\u00e1nea con diferentes maestros de Am\u00e9rica y Europa.<\/p><p style=\"caret-color: #000000; color: #000000; font-family: Carme, sans-serif; letter-spacing: 0.4px;\"><span style=\"font-size: 1rem; letter-spacing: 0.4px;\">Desde el 2001 vivo en Mallorca, donde comenc\u00e9 la pr\u00e1ctica y el estudio de la Pedagog\u00eda del Cuerpo\u00ae y del M\u00e9todo Cos-Art\u00ae, con Mona Beliz\u00e1n y Yiya D\u00edaz. Recib\u00ed el t\u00edtulo de Educadora Corporal para m\u00fasicos en el M\u00e9todo Cos-Art\u00ae de la Universidad Ram\u00f3n Llull de Barcelona (2009) y como Instructora en la Pedagog\u00eda Cuerpo\u00ae del Centro de Estudios de Educaci\u00f3n Corporal (2013). Me form\u00e9 tambi\u00e9n en Danza Contempor\u00e1nea con Laura Girotto y en Body Weather bajo la direcci\u00f3n de Hisako Horikawa y otros maestros.\u00a0 Entre el 2006 y el 2017 trabaj\u00e9 como int\u00e9rprete de danza-teatro y performance, bailando en distintas compa\u00f1\u00edas y actuando en festivales de danza, teatro y arte experimental dentro de Europa<\/span><\/p><p><span style=\"color: #000000; font-family: Carme, sans-serif; letter-spacing: 0.4px; caret-color: #000000; font-size: 1rem;\">En el 2013 contin\u00fae la investigaci\u00f3n sobre la po\u00e9tica del cuerpo form\u00e1ndome en la Escuela del Teatro de los Sentidos, en Barcelona. Postgrado de Lenguaje Sensorial y Po\u00e9tica del Juego de la Universidad de Girona.<\/span><\/p><\/div>\n\t\t\t\t<\/div>\n\t\t\t\t<\/div>\n\t\t\t\t\t\t<\/div>\n\t\t\t<\/div>\n\t\t<\/div>\n\t\t\t\t\t\t<\/div>\n\t\t\t<\/div>\n\t\t<\/section>\n\t\t\t\t<section class=\"elementor-element elementor-element-88733a7 elementor-section-boxed elementor-section-height-default elementor-section-height-default elementor-section elementor-top-section\" data-id=\"88733a7\" data-element_type=\"section\">\n\t\t\t\t\t\t<div class=\"elementor-container elementor-column-gap-default\">\n\t\t\t\t<div class=\"elementor-row\">\n\t\t\t\t<div class=\"elementor-element elementor-element-f544f05 elementor-column elementor-col-100 elementor-top-column\" data-id=\"f544f05\" data-element_type=\"column\">\n\t\t\t<div class=\"elementor-column-wrap  elementor-element-populated\">\n\t\t\t\t\t<div class=\"elementor-widget-wrap\">\n\t\t\t\t<div class=\"elementor-element elementor-element-1f779a7 elementor-widget elementor-widget-text-editor\" data-id=\"1f779a7\" data-element_type=\"widget\" data-widget_type=\"text-editor.default\">\n\t\t\t\t<div class=\"elementor-widget-container\">\n\t\t\t\t\t<div class=\"elementor-text-editor elementor-clearfix\"><p><span style=\"color: #000000; font-family: Carme, sans-serif; letter-spacing: 0.4px; caret-color: #000000; font-size: 1rem;\">Desde el 2001 hasta la actualidad doy clases de Danza Creativa para ni\u00f1as y ni\u00f1os y clases de cuerpo y movimiento para adultos en diferentes espacios culturales y socioeducativos de Mallorca, como: Centro Cultural Sa Taronja, Centro de Estudios de Educaci\u00f3n Corporal, La Impossible, Centro Cultural Flassaders, Casal de les Dones, CEIP Els Molins, CEIP Ses Bassetes, entre otros.<\/span><\/p><p><span style=\"color: #000000; font-family: Carme, sans-serif; letter-spacing: 0.4px; caret-color: #000000; font-size: 1rem;\">Como educadora corporal he trabajado para el Centro de Estudios de Educaci\u00f3n Corporal en los siguientes programas: Cos i Dona, Cuerpo y embarazo, Cuerpo y M\u00fasica, Trabajar Sano.<\/span><\/p><p><span style=\"color: #000000; font-family: Carme, sans-serif;\"><span style=\"letter-spacing: 0.4px; caret-color: #000000;\">Entre el 2013 y 2017 he programado y coordinado las actividades del Centro Cultural Sa Taronja en Andratx.<\/span><\/span><\/p><p><span style=\"color: #000000; font-family: Carme, sans-serif;\"><span style=\"letter-spacing: 0.4px; caret-color: #000000;\">Desde el 2019 junto con la Asociaci\u00f3n Circulo de Mujeres de Andratx desarrollo los programas: Cuerpo y G\u00e9nero; Danza para la Salud; Cuerpo, Movimiento y Artes Pl\u00e1sticas, Alfabetizaci\u00f3n Digital; Con el apoyo del Ayuntamiento de Andratx, la Fundaci\u00f3n La Caiza, IBDONA.<\/span><\/span><\/p><p><span style=\"color: #000000; font-family: Carme, sans-serif;\"><span style=\"letter-spacing: 0.4px; caret-color: #000000;\">En el 2023 me he graduado en Antropolog\u00eda Social y Cultural por la UNED con el TFG: &#8220;Danzando la intersubjetividad. Procesos de recuperaci\u00f3n de la salud a trav\u00e9s de la danza en mujeres con fibromialgia&#8221;.<\/span><\/span><\/p><p><span style=\"color: #000000; font-family: Carme, sans-serif;\"><span style=\"letter-spacing: 0.4px; caret-color: #000000;\">Actualmente, curso el M\u00e1ster en Investigaci\u00f3n Antropol\u00f3gica y sus Aplicaciones, en la UNED.<\/span><\/span><\/p><\/div>\n\t\t\t\t<\/div>\n\t\t\t\t<\/div>\n\t\t\t\t\t\t<\/div>\n\t\t\t<\/div>\n\t\t<\/div>\n\t\t\t\t\t\t<\/div>\n\t\t\t<\/div>\n\t\t<\/section>\n\t\t\t\t<section class=\"elementor-element elementor-element-fae2f66 elementor-section-boxed elementor-section-height-default elementor-section-height-default elementor-section elementor-top-section\" data-id=\"fae2f66\" data-element_type=\"section\">\n\t\t\t\t\t\t<div class=\"elementor-container elementor-column-gap-default\">\n\t\t\t\t<div class=\"elementor-row\">\n\t\t\t\t<div class=\"elementor-element elementor-element-22246a4 elementor-column elementor-col-100 elementor-top-column\" data-id=\"22246a4\" data-element_type=\"column\">\n\t\t\t<div class=\"elementor-column-wrap  elementor-element-populated\">\n\t\t\t\t\t<div class=\"elementor-widget-wrap\">\n\t\t\t\t<div class=\"elementor-element elementor-element-241967a elementor-widget elementor-widget-divider\" data-id=\"241967a\" data-element_type=\"widget\" data-widget_type=\"divider.default\">\n\t\t\t\t<div class=\"elementor-widget-container\">\n\t\t\t\t\t<div class=\"elementor-divider\">\n\t\t\t<span class=\"elementor-divider-separator\"><\/span>\n\t\t<\/div>\n\t\t\t\t<\/div>\n\t\t\t\t<\/div>\n\t\t\t\t\t\t<\/div>\n\t\t\t<\/div>\n\t\t<\/div>\n\t\t\t\t\t\t<\/div>\n\t\t\t<\/div>\n\t\t<\/section>\n\t\t\t\t<section class=\"elementor-element elementor-element-9b7a784 elementor-section-boxed elementor-section-height-default elementor-section-height-default elementor-section elementor-top-section\" data-id=\"9b7a784\" data-element_type=\"section\">\n\t\t\t\t\t\t<div class=\"elementor-container elementor-column-gap-default\">\n\t\t\t\t<div class=\"elementor-row\">\n\t\t\t\t<div class=\"elementor-element elementor-element-39ed3ef elementor-column elementor-col-50 elementor-top-column\" data-id=\"39ed3ef\" data-element_type=\"column\">\n\t\t\t<div class=\"elementor-column-wrap  elementor-element-populated\">\n\t\t\t\t\t<div class=\"elementor-widget-wrap\">\n\t\t\t\t<div class=\"elementor-element elementor-element-71bfe65 elementor-widget elementor-widget-image\" data-id=\"71bfe65\" data-element_type=\"widget\" data-widget_type=\"image.default\">\n\t\t\t\t<div class=\"elementor-widget-container\">\n\t\t\t\t\t<div class=\"elementor-image\">\n\t\t\t\t\t\t\t\t\t\t<img loading=\"lazy\" decoding=\"async\" width=\"800\" height=\"534\" src=\"https:\/\/www.doloresacosta.com\/wp-content\/uploads\/2023\/10\/13-1024x684.png\" class=\"attachment-large size-large\" alt=\"\" srcset=\"https:\/\/www.doloresacosta.com\/wp-content\/uploads\/2023\/10\/13-1024x684.png 1024w, https:\/\/www.doloresacosta.com\/wp-content\/uploads\/2023\/10\/13-300x200.png 300w, https:\/\/www.doloresacosta.com\/wp-content\/uploads\/2023\/10\/13-768x513.png 768w\" sizes=\"(max-width: 800px) 100vw, 800px\" \/>\t\t\t\t\t\t\t\t\t\t\t<\/div>\n\t\t\t\t<\/div>\n\t\t\t\t<\/div>\n\t\t\t\t\t\t<\/div>\n\t\t\t<\/div>\n\t\t<\/div>\n\t\t\t\t<div class=\"elementor-element elementor-element-bc0b9b5 elementor-column elementor-col-50 elementor-top-column\" data-id=\"bc0b9b5\" data-element_type=\"column\">\n\t\t\t<div class=\"elementor-column-wrap  elementor-element-populated\">\n\t\t\t\t\t<div class=\"elementor-widget-wrap\">\n\t\t\t\t<div class=\"elementor-element elementor-element-aec2d3d elementor-widget elementor-widget-image\" data-id=\"aec2d3d\" data-element_type=\"widget\" data-widget_type=\"image.default\">\n\t\t\t\t<div class=\"elementor-widget-container\">\n\t\t\t\t\t<div class=\"elementor-image\">\n\t\t\t\t\t\t\t\t\t\t<img loading=\"lazy\" decoding=\"async\" width=\"800\" height=\"534\" src=\"https:\/\/www.doloresacosta.com\/wp-content\/uploads\/2019\/08\/Dolores-danza-1088bn-1024x684.jpg\" class=\"attachment-large size-large\" alt=\"\" srcset=\"https:\/\/www.doloresacosta.com\/wp-content\/uploads\/2019\/08\/Dolores-danza-1088bn-1024x684.jpg 1024w, https:\/\/www.doloresacosta.com\/wp-content\/uploads\/2019\/08\/Dolores-danza-1088bn-300x200.jpg 300w, https:\/\/www.doloresacosta.com\/wp-content\/uploads\/2019\/08\/Dolores-danza-1088bn-768x513.jpg 768w\" sizes=\"(max-width: 800px) 100vw, 800px\" \/>\t\t\t\t\t\t\t\t\t\t\t<\/div>\n\t\t\t\t<\/div>\n\t\t\t\t<\/div>\n\t\t\t\t\t\t<\/div>\n\t\t\t<\/div>\n\t\t<\/div>\n\t\t\t\t\t\t<\/div>\n\t\t\t<\/div>\n\t\t<\/section>\n\t\t\t\t<section class=\"elementor-element elementor-element-a6c8099 elementor-section-boxed elementor-section-height-default elementor-section-height-default elementor-section elementor-top-section\" data-id=\"a6c8099\" data-element_type=\"section\">\n\t\t\t\t\t\t<div class=\"elementor-container elementor-column-gap-default\">\n\t\t\t\t<div class=\"elementor-row\">\n\t\t\t\t<div class=\"elementor-element elementor-element-90b698b elementor-column elementor-col-100 elementor-top-column\" data-id=\"90b698b\" data-element_type=\"column\">\n\t\t\t<div class=\"elementor-column-wrap  elementor-element-populated\">\n\t\t\t\t\t<div class=\"elementor-widget-wrap\">\n\t\t\t\t<div class=\"elementor-element elementor-element-7b7576e elementor-widget elementor-widget-spacer\" data-id=\"7b7576e\" data-element_type=\"widget\" data-widget_type=\"spacer.default\">\n\t\t\t\t<div class=\"elementor-widget-container\">\n\t\t\t\t\t<div class=\"elementor-spacer\">\n\t\t\t<div class=\"elementor-spacer-inner\"><\/div>\n\t\t<\/div>\n\t\t\t\t<\/div>\n\t\t\t\t<\/div>\n\t\t\t\t\t\t<\/div>\n\t\t\t<\/div>\n\t\t<\/div>\n\t\t\t\t\t\t<\/div>\n\t\t\t<\/div>\n\t\t<\/section>\n\t\t\t\t<section class=\"elementor-element elementor-element-51f74d1 elementor-section-boxed elementor-section-height-default elementor-section-height-default elementor-section elementor-top-section\" data-id=\"51f74d1\" data-element_type=\"section\">\n\t\t\t\t\t\t<div class=\"elementor-container elementor-column-gap-default\">\n\t\t\t\t<div class=\"elementor-row\">\n\t\t\t\t<div class=\"elementor-element elementor-element-a0e3973 elementor-column elementor-col-100 elementor-top-column\" data-id=\"a0e3973\" data-element_type=\"column\">\n\t\t\t<div class=\"elementor-column-wrap  elementor-element-populated\">\n\t\t\t\t\t<div class=\"elementor-widget-wrap\">\n\t\t\t\t<div class=\"elementor-element elementor-element-864c03e elementor-widget elementor-widget-text-editor\" data-id=\"864c03e\" data-element_type=\"widget\" data-widget_type=\"text-editor.default\">\n\t\t\t\t<div class=\"elementor-widget-container\">\n\t\t\t\t\t<div class=\"elementor-text-editor elementor-clearfix\"><p><span style=\"caret-color: #d5ba7f; color: #d5ba7f; font-family: Carme, sans-serif; text-align: center;\">Cr\u00e9dito de fotograf\u00eda: Magdalena Puigserver &#8211; \u00a0Nika Bielecka<\/span><\/p><\/div>\n\t\t\t\t<\/div>\n\t\t\t\t<\/div>\n\t\t\t\t\t\t<\/div>\n\t\t\t<\/div>\n\t\t<\/div>\n\t\t\t\t\t\t<\/div>\n\t\t\t<\/div>\n\t\t<\/section>\n\t\t\t\t\t\t<\/div>\n\t\t\t<\/div>\n\t\t<\/div>\n\t\t","protected":false},"excerpt":{"rendered":"<p>DOLORES ACOSTA \u00a0 \u00a0 \u00a0 \u00a0 Nac\u00ed en Buenos Aires en 1977. Mi formaci\u00f3n corporal fue como esgrimista desde los ocho a\u00f1os de edad, hasta que en 1999 encontr\u00e9 a mi primera maestra de danza, Mar\u00eda Fux.\u00a0 Adem\u00e1s de formarme en su escuela de danzaterapia en Buenos Aires, me dediqu\u00e9 al estudio de la T\u00e9cnica [&hellip;]<\/p>\n","protected":false},"author":1,"featured_media":0,"parent":0,"menu_order":0,"comment_status":"closed","ping_status":"closed","template":"elementor_canvas","meta":{"footnotes":""},"_links":{"self":[{"href":"https:\/\/www.doloresacosta.com\/index.php\/wp-json\/wp\/v2\/pages\/12209"}],"collection":[{"href":"https:\/\/www.doloresacosta.com\/index.php\/wp-json\/wp\/v2\/pages"}],"about":[{"href":"https:\/\/www.doloresacosta.com\/index.php\/wp-json\/wp\/v2\/types\/page"}],"author":[{"embeddable":true,"href":"https:\/\/www.doloresacosta.com\/index.php\/wp-json\/wp\/v2\/users\/1"}],"replies":[{"embeddable":true,"href":"https:\/\/www.doloresacosta.com\/index.php\/wp-json\/wp\/v2\/comments?post=12209"}],"version-history":[{"count":12,"href":"https:\/\/www.doloresacosta.com\/index.php\/wp-json\/wp\/v2\/pages\/12209\/revisions"}],"predecessor-version":[{"id":12442,"href":"https:\/\/www.doloresacosta.com\/index.php\/wp-json\/wp\/v2\/pages\/12209\/revisions\/12442"}],"wp:attachment":[{"href":"https:\/\/www.doloresacosta.com\/index.php\/wp-json\/wp\/v2\/media?parent=12209"}],"curies":[{"name":"wp","href":"https:\/\/api.w.org\/{rel}","templated":true}]}}